{"id":45381,"date":"2025-10-28T16:32:12","date_gmt":"2025-10-28T23:32:12","guid":{"rendered":"https:\/\/soccercampsinternational.com\/fotos-de-los-campamentos-de-futbol-del-tottenham\/"},"modified":"2026-04-02T17:07:31","modified_gmt":"2026-04-03T00:07:31","slug":"fotos","status":"publish","type":"page","link":"https:\/\/soccercampsinternational.com\/es\/campamentos-futbol-inglaterra\/campamentos-de-futbol-tottenham\/fotos\/","title":{"rendered":"Fotos de los Campamentos de f\u00fatbol del Tottenham"},"content":{"rendered":"\t\t<div data-elementor-type=\"wp-page\" data-elementor-id=\"45381\" class=\"elementor elementor-45381 elementor-43850\" data-elementor-post-type=\"page\">\n\t\t\t\t\t\t<section class=\"elementor-section elementor-top-section elementor-element elementor-element-1f92855 elementor-section-stretched elementor-section-boxed elementor-section-height-default elementor-section-height-default\" data-id=\"1f92855\" data-element_type=\"section\" data-e-type=\"section\" data-settings=\"{&quot;stretch_section&quot;:&quot;section-stretched&quot;,&quot;background_background&quot;:&quot;classic&quot;,&quot;sticky&quot;:&quot;top&quot;,&quot;sticky_on&quot;:[&quot;desktop&quot;],&quot;sticky_offset&quot;:0,&quot;sticky_effects_offset&quot;:0,&quot;sticky_anchor_link_offset&quot;:0}\">\n\t\t\t\t\t\t<div class=\"elementor-container elementor-column-gap-default\">\n\t\t\t\t\t<div class=\"elementor-column elementor-col-100 elementor-top-column elementor-element elementor-element-f9bbd15\" data-id=\"f9bbd15\" data-element_type=\"column\" data-e-type=\"column\">\n\t\t\t<div class=\"elementor-widget-wrap elementor-element-populated\">\n\t\t\t\t\t\t<div class=\"elementor-element elementor-element-bd2102b elementor-widget-tablet__width-auto elementor-nav-menu--dropdown-tablet elementor-nav-menu__text-align-aside elementor-widget elementor-widget-nav-menu\" data-id=\"bd2102b\" data-element_type=\"widget\" data-e-type=\"widget\" data-settings=\"{&quot;layout&quot;:&quot;horizontal&quot;,&quot;submenu_icon&quot;:{&quot;value&quot;:&quot;&lt;svg aria-hidden=\\&quot;true\\&quot; class=\\&quot;e-font-icon-svg e-fas-caret-down\\&quot; viewBox=\\&quot;0 0 320 512\\&quot; xmlns=\\&quot;http:\\\/\\\/www.w3.org\\\/2000\\\/svg\\&quot;&gt;&lt;path d=\\&quot;M31.3 192h257.3c17.8 0 26.7 21.5 14.1 34.1L174.1 354.8c-7.8 7.8-20.5 7.8-28.3 0L17.2 226.1C4.6 213.5 13.5 192 31.3 192z\\&quot;&gt;&lt;\\\/path&gt;&lt;\\\/svg&gt;&quot;,&quot;library&quot;:&quot;fa-solid&quot;}}\" data-widget_type=\"nav-menu.default\">\n\t\t\t\t<div class=\"elementor-widget-container\">\n\t\t\t\t\t\t\t\t<nav aria-label=\"Menu\" class=\"elementor-nav-menu--main elementor-nav-menu__container elementor-nav-menu--layout-horizontal e--pointer-none\">\n\t\t\t\t<ul id=\"menu-1-bd2102b\" class=\"elementor-nav-menu\"><li class=\"menu-item menu-item-type-post_type menu-item-object-page menu-item-43789\"><a href=\"https:\/\/soccercampsinternational.com\/england-soccer-camps\/tottenham-soccer-camp\/\" class=\"elementor-item\">Campamentos de f\u00fatbol Tottenham<\/a><\/li>\n<li class=\"menu-item menu-item-type-custom menu-item-object-custom menu-item-43790\"><a href=\"\/england-soccer-camps\/tottenham-soccer-camp\/#tottenham-dates\" class=\"elementor-item elementor-item-anchor\">Dates<\/a><\/li>\n<li class=\"menu-item menu-item-type-custom menu-item-object-custom menu-item-43791\"><a href=\"\/england-soccer-camps\/tottenham-soccer-camp\/#tottenham-prices\" class=\"elementor-item elementor-item-anchor\">Prices<\/a><\/li>\n<li class=\"menu-item menu-item-type-post_type menu-item-object-page menu-item-43828\"><a href=\"https:\/\/soccercampsinternational.com\/england-soccer-camps\/tottenham-soccer-camp\/location-information\/\" class=\"elementor-item\">Ubicaci\u00f3n de los Campamentos de f\u00fatbol Tottenham<\/a><\/li>\n<li class=\"menu-item menu-item-type-post_type menu-item-object-page menu-item-43849\"><a href=\"https:\/\/soccercampsinternational.com\/england-soccer-camps\/tottenham-soccer-camp\/faq-airport\/\" class=\"elementor-item\">Campamentos de f\u00fatbol Tottenham Traslado desde el aeropuerto y preguntas sobre campamentos<\/a><\/li>\n<li class=\"menu-item menu-item-type-post_type menu-item-object-page menu-item-43851\"><a href=\"https:\/\/soccercampsinternational.com\/england-soccer-camps\/tottenham-soccer-camp\/photos\/\" class=\"elementor-item\">Fotos de los Campamentos de f\u00fatbol del Tottenham<\/a><\/li>\n<\/ul>\t\t\t<\/nav>\n\t\t\t\t\t\t<nav class=\"elementor-nav-menu--dropdown elementor-nav-menu__container\" aria-hidden=\"true\">\n\t\t\t\t<ul id=\"menu-2-bd2102b\" class=\"elementor-nav-menu\"><li class=\"menu-item menu-item-type-post_type menu-item-object-page menu-item-43789\"><a href=\"https:\/\/soccercampsinternational.com\/england-soccer-camps\/tottenham-soccer-camp\/\" class=\"elementor-item\" tabindex=\"-1\">Campamentos de f\u00fatbol Tottenham<\/a><\/li>\n<li class=\"menu-item menu-item-type-custom menu-item-object-custom menu-item-43790\"><a href=\"\/england-soccer-camps\/tottenham-soccer-camp\/#tottenham-dates\" class=\"elementor-item elementor-item-anchor\" tabindex=\"-1\">Dates<\/a><\/li>\n<li class=\"menu-item menu-item-type-custom menu-item-object-custom menu-item-43791\"><a href=\"\/england-soccer-camps\/tottenham-soccer-camp\/#tottenham-prices\" class=\"elementor-item elementor-item-anchor\" tabindex=\"-1\">Prices<\/a><\/li>\n<li class=\"menu-item menu-item-type-post_type menu-item-object-page menu-item-43828\"><a href=\"https:\/\/soccercampsinternational.com\/england-soccer-camps\/tottenham-soccer-camp\/location-information\/\" class=\"elementor-item\" tabindex=\"-1\">Ubicaci\u00f3n de los Campamentos de f\u00fatbol Tottenham<\/a><\/li>\n<li class=\"menu-item menu-item-type-post_type menu-item-object-page menu-item-43849\"><a href=\"https:\/\/soccercampsinternational.com\/england-soccer-camps\/tottenham-soccer-camp\/faq-airport\/\" class=\"elementor-item\" tabindex=\"-1\">Campamentos de f\u00fatbol Tottenham Traslado desde el aeropuerto y preguntas sobre campamentos<\/a><\/li>\n<li class=\"menu-item menu-item-type-post_type menu-item-object-page menu-item-43851\"><a href=\"https:\/\/soccercampsinternational.com\/england-soccer-camps\/tottenham-soccer-camp\/photos\/\" class=\"elementor-item\" tabindex=\"-1\">Fotos de los Campamentos de f\u00fatbol del Tottenham<\/a><\/li>\n<\/ul>\t\t\t<\/nav>\n\t\t\t\t\t\t<\/div>\n\t\t\t\t<\/div>\n\t\t\t\t\t<\/div>\n\t\t<\/div>\n\t\t\t\t\t<\/div>\n\t\t<\/section>\n\t\t\t\t<section class=\"elementor-section elementor-top-section elementor-element elementor-element-f7eda35 elementor-section-stretched elementor-section-boxed elementor-section-height-default elementor-section-height-default\" data-id=\"f7eda35\" data-element_type=\"section\" data-e-type=\"section\" data-settings=\"{&quot;stretch_section&quot;:&quot;section-stretched&quot;}\">\n\t\t\t\t\t\t<div class=\"elementor-container elementor-column-gap-default\">\n\t\t\t\t\t<div class=\"elementor-column elementor-col-100 elementor-top-column elementor-element elementor-element-f68429c\" data-id=\"f68429c\" data-element_type=\"column\" data-e-type=\"column\">\n\t\t\t<div class=\"elementor-widget-wrap elementor-element-populated\">\n\t\t\t\t\t\t<div class=\"elementor-element elementor-element-58b746b elementor-icon-list--layout-traditional elementor-list-item-link-full_width elementor-widget elementor-widget-icon-list\" data-id=\"58b746b\" data-element_type=\"widget\" data-e-type=\"widget\" data-widget_type=\"icon-list.default\">\n\t\t\t\t<div class=\"elementor-widget-container\">\n\t\t\t\t\t\t\t<ul class=\"elementor-icon-list-items\">\n\t\t\t\t\t\t\t<li class=\"elementor-icon-list-item\">\n\t\t\t\t\t\t\t\t\t\t\t<span class=\"elementor-icon-list-icon\">\n\t\t\t\t\t\t\t<svg aria-hidden=\"true\" class=\"e-font-icon-svg e-far-images\" viewBox=\"0 0 576 512\" xmlns=\"http:\/\/www.w3.org\/2000\/svg\"><path d=\"M480 416v16c0 26.51-21.49 48-48 48H48c-26.51 0-48-21.49-48-48V176c0-26.51 21.49-48 48-48h16v48H54a6 6 0 0 0-6 6v244a6 6 0 0 0 6 6h372a6 6 0 0 0 6-6v-10h48zm42-336H150a6 6 0 0 0-6 6v244a6 6 0 0 0 6 6h372a6 6 0 0 0 6-6V86a6 6 0 0 0-6-6zm6-48c26.51 0 48 21.49 48 48v256c0 26.51-21.49 48-48 48H144c-26.51 0-48-21.49-48-48V80c0-26.51 21.49-48 48-48h384zM264 144c0 22.091-17.909 40-40 40s-40-17.909-40-40 17.909-40 40-40 40 17.909 40 40zm-72 96l39.515-39.515c4.686-4.686 12.284-4.686 16.971 0L288 240l103.515-103.515c4.686-4.686 12.284-4.686 16.971 0L480 208v80H192v-48z\"><\/path><\/svg>\t\t\t\t\t\t<\/span>\n\t\t\t\t\t\t\t\t\t\t<span class=\"elementor-icon-list-text\">Fotos de los Campamentos de f\u00fatbol del Tottenham<\/span>\n\t\t\t\t\t\t\t\t\t<\/li>\n\t\t\t\t\t\t<\/ul>\n\t\t\t\t\t\t<\/div>\n\t\t\t\t<\/div>\n\t\t\t\t<div class=\"elementor-element elementor-element-7de8efa elementor-widget elementor-widget-gallery\" data-id=\"7de8efa\" data-element_type=\"widget\" data-e-type=\"widget\" data-settings=\"{&quot;gallery_layout&quot;:&quot;masonry&quot;,&quot;columns_mobile&quot;:2,&quot;lazyload&quot;:&quot;yes&quot;,&quot;columns&quot;:4,&quot;columns_tablet&quot;:2,&quot;gap&quot;:{&quot;unit&quot;:&quot;px&quot;,&quot;size&quot;:10,&quot;sizes&quot;:[]},&quot;gap_tablet&quot;:{&quot;unit&quot;:&quot;px&quot;,&quot;size&quot;:10,&quot;sizes&quot;:[]},&quot;gap_mobile&quot;:{&quot;unit&quot;:&quot;px&quot;,&quot;size&quot;:10,&quot;sizes&quot;:[]},&quot;link_to&quot;:&quot;file&quot;,&quot;overlay_background&quot;:&quot;yes&quot;,&quot;content_hover_animation&quot;:&quot;fade-in&quot;}\" data-widget_type=\"gallery.default\">\n\t\t\t\t<div class=\"elementor-widget-container\">\n\t\t\t\t\t\t\t<div class=\"elementor-gallery__container\">\n\t\t\t\t\t\t\t<a class=\"e-gallery-item elementor-gallery-item elementor-animated-content\" href=\"https:\/\/soccercampsinternational.com\/wp-content\/uploads\/2025\/10\/JG200992.jpg\" data-elementor-open-lightbox=\"yes\" data-elementor-lightbox-slideshow=\"7de8efa\" data-elementor-lightbox-title=\"Fotos de los Campamentos de f\u00fatbol del Tottenham\" data-elementor-lightbox-description=\"Fotos de los Campamentos de f\u00fatbol del Tottenham\" data-e-action-hash=\"#elementor-action%3Aaction%3Dlightbox%26settings%3DeyJpZCI6NDM4NTksInVybCI6Imh0dHBzOlwvXC9zb2NjZXJjYW1wc2ludGVybmF0aW9uYWwuY29tXC93cC1jb250ZW50XC91cGxvYWRzXC8yMDI1XC8xMFwvSkcyMDA5OTIuanBnIiwic2xpZGVzaG93IjoiN2RlOGVmYSJ9\">\n\t\t\t\t\t<div class=\"e-gallery-image elementor-gallery-item__image\" data-thumbnail=\"https:\/\/soccercampsinternational.com\/wp-content\/uploads\/2025\/10\/JG200992.jpg\" data-width=\"1500\" data-height=\"901\" aria-label=\"Fotos de los Campamentos de f\u00fatbol del Tottenham\" role=\"img\" ><\/div>\n\t\t\t\t\t\t\t\t\t\t\t<div class=\"elementor-gallery-item__overlay\"><\/div>\n\t\t\t\t\t\t\t\t\t\t\t\t\t\t<\/a>\n\t\t\t\t\t\t\t<a class=\"e-gallery-item elementor-gallery-item elementor-animated-content\" href=\"https:\/\/soccercampsinternational.com\/wp-content\/uploads\/2025\/11\/AM024571-scaled.jpg\" data-elementor-open-lightbox=\"yes\" data-elementor-lightbox-slideshow=\"7de8efa\" data-elementor-lightbox-title=\"Campamentos Tottenham Inglaterra\" data-elementor-lightbox-description=\"Jugadores del Tottenham Camps durante una sesi\u00f3n de entrenamiento Inglaterra\" data-e-action-hash=\"#elementor-action%3Aaction%3Dlightbox%26settings%3DeyJpZCI6NDQxMzcsInVybCI6Imh0dHBzOlwvXC9zb2NjZXJjYW1wc2ludGVybmF0aW9uYWwuY29tXC93cC1jb250ZW50XC91cGxvYWRzXC8yMDI1XC8xMVwvQU0wMjQ1NzEtc2NhbGVkLmpwZyIsInNsaWRlc2hvdyI6IjdkZThlZmEifQ%3D%3D\">\n\t\t\t\t\t<div class=\"e-gallery-image elementor-gallery-item__image\" data-thumbnail=\"https:\/\/soccercampsinternational.com\/wp-content\/uploads\/2025\/11\/AM024571-scaled.jpg\" data-width=\"2560\" data-height=\"1711\" aria-label=\"Tottenham Camps jugadores Inglaterra\" role=\"img\" ><\/div>\n\t\t\t\t\t\t\t\t\t\t\t<div class=\"elementor-gallery-item__overlay\"><\/div>\n\t\t\t\t\t\t\t\t\t\t\t\t\t\t<\/a>\n\t\t\t\t\t\t\t<a class=\"e-gallery-item elementor-gallery-item elementor-animated-content\" href=\"https:\/\/soccercampsinternational.com\/wp-content\/uploads\/2025\/11\/AM015073-scaled.jpg\" data-elementor-open-lightbox=\"yes\" data-elementor-lightbox-slideshow=\"7de8efa\" data-elementor-lightbox-title=\"Entrenadores del Tottenham durante los Campamentos de F\u00fatbol del Tottenham UK\" data-elementor-lightbox-description=\"Entrenadores de los campamentos del Tottenham ense\u00f1ando durante una sesi\u00f3n de entrenamiento de f\u00fatbol en los Campamentos de F\u00fatbol del Tottenham en Inglaterra\" data-e-action-hash=\"#elementor-action%3Aaction%3Dlightbox%26settings%3DeyJpZCI6NDQxMjMsInVybCI6Imh0dHBzOlwvXC9zb2NjZXJjYW1wc2ludGVybmF0aW9uYWwuY29tXC93cC1jb250ZW50XC91cGxvYWRzXC8yMDI1XC8xMVwvQU0wMTUwNzMtc2NhbGVkLmpwZyIsInNsaWRlc2hvdyI6IjdkZThlZmEifQ%3D%3D\">\n\t\t\t\t\t<div class=\"e-gallery-image elementor-gallery-item__image\" data-thumbnail=\"https:\/\/soccercampsinternational.com\/wp-content\/uploads\/2025\/11\/AM015073-scaled.jpg\" data-width=\"2560\" data-height=\"1711\" aria-label=\"Entrenadores de los campamentos del Tottenham durante una sesi\u00f3n de entrenamiento en los Campamentos de f\u00fatbol del Tottenham en Inglaterra\" role=\"img\" ><\/div>\n\t\t\t\t\t\t\t\t\t\t\t<div class=\"elementor-gallery-item__overlay\"><\/div>\n\t\t\t\t\t\t\t\t\t\t\t\t\t\t<\/a>\n\t\t\t\t\t\t\t<a class=\"e-gallery-item elementor-gallery-item elementor-animated-content\" href=\"https:\/\/soccercampsinternational.com\/wp-content\/uploads\/2025\/10\/Tottenham-Hotspur-093.jpg\" data-elementor-open-lightbox=\"yes\" data-elementor-lightbox-slideshow=\"7de8efa\" data-elementor-lightbox-title=\"Campamentos de f\u00fatbol para chicas Fotos\" data-elementor-lightbox-description=\"Fotos de los Campamentos de f\u00fatbol del Tottenham con jugadoras de f\u00fatbol femenino durante una sesi\u00f3n de entrenamiento\" data-e-action-hash=\"#elementor-action%3Aaction%3Dlightbox%26settings%3DeyJpZCI6NDM4NjYsInVybCI6Imh0dHBzOlwvXC9zb2NjZXJjYW1wc2ludGVybmF0aW9uYWwuY29tXC93cC1jb250ZW50XC91cGxvYWRzXC8yMDI1XC8xMFwvVG90dGVuaGFtLUhvdHNwdXItMDkzLmpwZyIsInNsaWRlc2hvdyI6IjdkZThlZmEifQ%3D%3D\">\n\t\t\t\t\t<div class=\"e-gallery-image elementor-gallery-item__image\" data-thumbnail=\"https:\/\/soccercampsinternational.com\/wp-content\/uploads\/2025\/10\/Tottenham-Hotspur-093.jpg\" data-width=\"1500\" data-height=\"1000\" aria-label=\"Fotos de las jugadoras de los Campamentos de f\u00fatbol del Tottenham\" role=\"img\" ><\/div>\n\t\t\t\t\t\t\t\t\t\t\t<div class=\"elementor-gallery-item__overlay\"><\/div>\n\t\t\t\t\t\t\t\t\t\t\t\t\t\t<\/a>\n\t\t\t\t\t\t\t<a class=\"e-gallery-item elementor-gallery-item elementor-animated-content\" href=\"https:\/\/soccercampsinternational.com\/wp-content\/uploads\/2025\/10\/Tottenham-Hotspur.jpg\" data-elementor-open-lightbox=\"yes\" data-elementor-lightbox-slideshow=\"7de8efa\" data-elementor-lightbox-title=\"Campamentos de f\u00fatbol Tottenham\" data-e-action-hash=\"#elementor-action%3Aaction%3Dlightbox%26settings%3DeyJpZCI6NDM4MjUsInVybCI6Imh0dHBzOlwvXC9zb2NjZXJjYW1wc2ludGVybmF0aW9uYWwuY29tXC93cC1jb250ZW50XC91cGxvYWRzXC8yMDI1XC8xMFwvVG90dGVuaGFtLUhvdHNwdXIuanBnIiwic2xpZGVzaG93IjoiN2RlOGVmYSJ9\">\n\t\t\t\t\t<div class=\"e-gallery-image elementor-gallery-item__image\" data-thumbnail=\"https:\/\/soccercampsinternational.com\/wp-content\/uploads\/2025\/10\/Tottenham-Hotspur.jpg\" data-width=\"1500\" data-height=\"1500\" aria-label=\"Campamentos de f\u00fatbol Tottenham\" role=\"img\" ><\/div>\n\t\t\t\t\t\t\t\t\t\t\t<div class=\"elementor-gallery-item__overlay\"><\/div>\n\t\t\t\t\t\t\t\t\t\t\t\t\t\t<\/a>\n\t\t\t\t\t\t\t<a class=\"e-gallery-item elementor-gallery-item elementor-animated-content\" href=\"https:\/\/soccercampsinternational.com\/wp-content\/uploads\/2025\/10\/JG209625-4.36.04-PM.jpg\" data-elementor-open-lightbox=\"yes\" data-elementor-lightbox-slideshow=\"7de8efa\" data-elementor-lightbox-title=\"Campamentos de f\u00fatbol del Tottenham Hotspur FC en Inglaterra | Entrena con entrenadores oficiales de los Spurs\" data-elementor-lightbox-description=\"Entrenamiento de j\u00f3venes jugadores en los Campamentos de f\u00fatbol oficiales del Tottenham Hotspur FC en Inglaterra. Experimenta un entrenamiento futbol\u00edstico de primera clase con el personal de la Academia del Tottenham Hotspur y de los Programas de Desarrollo de Jugadores a trav\u00e9s de los Campamentos de f\u00fatbol internacionales, abiertos a chicos y chicas de 12 a 18 a\u00f1os de todo el mundo. \" data-e-action-hash=\"#elementor-action%3Aaction%3Dlightbox%26settings%3DeyJpZCI6NDM4NzMsInVybCI6Imh0dHBzOlwvXC9zb2NjZXJjYW1wc2ludGVybmF0aW9uYWwuY29tXC93cC1jb250ZW50XC91cGxvYWRzXC8yMDI1XC8xMFwvSkcyMDk2MjUtNC4zNi4wNC1QTS5qcGciLCJzbGlkZXNob3ciOiI3ZGU4ZWZhIn0%3D\">\n\t\t\t\t\t<div class=\"e-gallery-image elementor-gallery-item__image\" data-thumbnail=\"https:\/\/soccercampsinternational.com\/wp-content\/uploads\/2025\/10\/JG209625-4.36.04-PM.jpg\" data-width=\"1500\" data-height=\"959\" aria-label=\"Jugador entrenando delante de la pancarta del Tottenham Hotspur FC Soccer Camp en Inglaterra\" role=\"img\" ><\/div>\n\t\t\t\t\t\t\t\t\t\t\t<div class=\"elementor-gallery-item__overlay\"><\/div>\n\t\t\t\t\t\t\t\t\t\t\t\t\t\t<\/a>\n\t\t\t\t\t\t\t<a class=\"e-gallery-item elementor-gallery-item elementor-animated-content\" href=\"https:\/\/soccercampsinternational.com\/wp-content\/uploads\/2025\/11\/AM023991-scaled.jpg\" data-elementor-open-lightbox=\"yes\" data-elementor-lightbox-slideshow=\"7de8efa\" data-elementor-lightbox-title=\"AM023991\" data-e-action-hash=\"#elementor-action%3Aaction%3Dlightbox%26settings%3DeyJpZCI6NDQxMzAsInVybCI6Imh0dHBzOlwvXC9zb2NjZXJjYW1wc2ludGVybmF0aW9uYWwuY29tXC93cC1jb250ZW50XC91cGxvYWRzXC8yMDI1XC8xMVwvQU0wMjM5OTEtc2NhbGVkLmpwZyIsInNsaWRlc2hvdyI6IjdkZThlZmEifQ%3D%3D\">\n\t\t\t\t\t<div class=\"e-gallery-image elementor-gallery-item__image\" data-thumbnail=\"https:\/\/soccercampsinternational.com\/wp-content\/uploads\/2025\/11\/AM023991-scaled.jpg\" data-width=\"2560\" data-height=\"1711\" aria-label=\"\" role=\"img\" ><\/div>\n\t\t\t\t\t\t\t\t\t\t\t<div class=\"elementor-gallery-item__overlay\"><\/div>\n\t\t\t\t\t\t\t\t\t\t\t\t\t\t<\/a>\n\t\t\t\t\t\t\t<a class=\"e-gallery-item elementor-gallery-item elementor-animated-content\" href=\"https:\/\/soccercampsinternational.com\/wp-content\/uploads\/2025\/10\/Tottenham11.webp\" data-elementor-open-lightbox=\"yes\" data-elementor-lightbox-slideshow=\"7de8efa\" data-elementor-lightbox-title=\"Entrenadores del Tottenham durante la sesi\u00f3n de campamentos del Tottenham\" data-elementor-lightbox-description=\"Entrenador de los campamentos del Tottenham en Inglaterra\" data-e-action-hash=\"#elementor-action%3Aaction%3Dlightbox%26settings%3DeyJpZCI6NDM5MjQsInVybCI6Imh0dHBzOlwvXC9zb2NjZXJjYW1wc2ludGVybmF0aW9uYWwuY29tXC93cC1jb250ZW50XC91cGxvYWRzXC8yMDI1XC8xMFwvVG90dGVuaGFtMTEud2VicCIsInNsaWRlc2hvdyI6IjdkZThlZmEifQ%3D%3D\">\n\t\t\t\t\t<div class=\"e-gallery-image elementor-gallery-item__image\" data-thumbnail=\"https:\/\/soccercampsinternational.com\/wp-content\/uploads\/2025\/10\/Tottenham11.webp\" data-width=\"1500\" data-height=\"586\" aria-label=\"Los entrenadores del Tottenham juegan durante la sesi\u00f3n de entrenamiento del campamento con Tottenham Camps UK\" role=\"img\" ><\/div>\n\t\t\t\t\t\t\t\t\t\t\t<div class=\"elementor-gallery-item__overlay\"><\/div>\n\t\t\t\t\t\t\t\t\t\t\t\t\t\t<\/a>\n\t\t\t\t\t\t\t<a class=\"e-gallery-item elementor-gallery-item elementor-animated-content\" href=\"https:\/\/soccercampsinternational.com\/wp-content\/uploads\/2025\/10\/uppingham2-.webp\" data-elementor-open-lightbox=\"yes\" data-elementor-lightbox-slideshow=\"7de8efa\" data-elementor-lightbox-title=\"Escuela Uppingham, sede de los Campamentos de f\u00fatbol Tottenham UK\" data-elementor-lightbox-description=\"Escuela de Uppingham, sede de los campamentos de f\u00fatbol del Tottenham Inglaterra\" data-e-action-hash=\"#elementor-action%3Aaction%3Dlightbox%26settings%3DeyJpZCI6NDM5MTAsInVybCI6Imh0dHBzOlwvXC9zb2NjZXJjYW1wc2ludGVybmF0aW9uYWwuY29tXC93cC1jb250ZW50XC91cGxvYWRzXC8yMDI1XC8xMFwvdXBwaW5naGFtMi0ud2VicCIsInNsaWRlc2hvdyI6IjdkZThlZmEifQ%3D%3D\">\n\t\t\t\t\t<div class=\"e-gallery-image elementor-gallery-item__image\" data-thumbnail=\"https:\/\/soccercampsinternational.com\/wp-content\/uploads\/2025\/10\/uppingham2-.webp\" data-width=\"750\" data-height=\"612\" aria-label=\"Escuela de Uppingham, sede de los campamentos de f\u00fatbol del Tottenham Inglaterra\" role=\"img\" ><\/div>\n\t\t\t\t\t\t\t\t\t\t\t<div class=\"elementor-gallery-item__overlay\"><\/div>\n\t\t\t\t\t\t\t\t\t\t\t\t\t\t<\/a>\n\t\t\t\t\t\t\t<a class=\"e-gallery-item elementor-gallery-item elementor-animated-content\" href=\"https:\/\/soccercampsinternational.com\/wp-content\/uploads\/2025\/10\/Uppingham.jpg\" data-elementor-open-lightbox=\"yes\" data-elementor-lightbox-slideshow=\"7de8efa\" data-elementor-lightbox-title=\"Escuela de Uppingham, sede de los campamentos de f\u00fatbol del Tottenham Reino Unido\" data-elementor-lightbox-description=\"Escuela Uppingham, sede de los Campamentos de f\u00fatbol Tottenham UK\" data-e-action-hash=\"#elementor-action%3Aaction%3Dlightbox%26settings%3DeyJpZCI6NDM4MzksInVybCI6Imh0dHBzOlwvXC9zb2NjZXJjYW1wc2ludGVybmF0aW9uYWwuY29tXC93cC1jb250ZW50XC91cGxvYWRzXC8yMDI1XC8xMFwvVXBwaW5naGFtLmpwZyIsInNsaWRlc2hvdyI6IjdkZThlZmEifQ%3D%3D\">\n\t\t\t\t\t<div class=\"e-gallery-image elementor-gallery-item__image\" data-thumbnail=\"https:\/\/soccercampsinternational.com\/wp-content\/uploads\/2025\/10\/Uppingham.jpg\" data-width=\"750\" data-height=\"500\" aria-label=\"Escuela Uppingham, sede de los Campamentos de f\u00fatbol Tottenham Inglaterra\" role=\"img\" ><\/div>\n\t\t\t\t\t\t\t\t\t\t\t<div class=\"elementor-gallery-item__overlay\"><\/div>\n\t\t\t\t\t\t\t\t\t\t\t\t\t\t<\/a>\n\t\t\t\t\t<\/div>\n\t\t\t\t\t<\/div>\n\t\t\t\t<\/div>\n\t\t\t\t<div class=\"elementor-element elementor-element-262e940 elementor-align-center elementor-widget elementor-widget-button\" data-id=\"262e940\" data-element_type=\"widget\" data-e-type=\"widget\" data-widget_type=\"button.default\">\n\t\t\t\t<div class=\"elementor-widget-container\">\n\t\t\t\t\t\t\t\t\t<div class=\"elementor-button-wrapper\">\n\t\t\t\t\t<a class=\"elementor-button elementor-button-link elementor-size-sm\" href=\"https:\/\/soccercampsinternational.com\/england-soccer-camps\/tottenham-soccer-camp\/\">\n\t\t\t\t\t\t<span class=\"elementor-button-content-wrapper\">\n\t\t\t\t\t\t<span class=\"elementor-button-icon\">\n\t\t\t\t<i aria-hidden=\"true\" class=\" icomoon-the7-font-the7-arrow-36\"><\/i>\t\t\t<\/span>\n\t\t\t\t\t\t\t\t\t<span class=\"elementor-button-text\">INICIO DEL CAMPAMENTO<\/span>\n\t\t\t\t\t<\/span>\n\t\t\t\t\t<\/a>\n\t\t\t\t<\/div>\n\t\t\t\t\t\t\t\t<\/div>\n\t\t\t\t<\/div>\n\t\t\t\t\t<\/div>\n\t\t<\/div>\n\t\t\t\t\t<\/div>\n\t\t<\/section>\n\t\t\t\t<\/div>\n\t\t","protected":false},"excerpt":{"rendered":"<p>Fotos de los Campamentos de f\u00fatbol del Tottenham INICIO DEL CAMPAMENTO<\/p>\n","protected":false},"author":2,"featured_media":0,"parent":45384,"menu_order":0,"comment_status":"closed","ping_status":"closed","template":"","meta":{"_mo_disable_npp":"","footnotes":""},"class_list":["post-45381","page","type-page","status-publish","hentry"],"_links":{"self":[{"href":"https:\/\/soccercampsinternational.com\/es\/wp-json\/wp\/v2\/pages\/45381","targetHints":{"allow":["GET"]}}],"collection":[{"href":"https:\/\/soccercampsinternational.com\/es\/wp-json\/wp\/v2\/pages"}],"about":[{"href":"https:\/\/soccercampsinternational.com\/es\/wp-json\/wp\/v2\/types\/page"}],"author":[{"embeddable":true,"href":"https:\/\/soccercampsinternational.com\/es\/wp-json\/wp\/v2\/users\/2"}],"replies":[{"embeddable":true,"href":"https:\/\/soccercampsinternational.com\/es\/wp-json\/wp\/v2\/comments?post=45381"}],"version-history":[{"count":0,"href":"https:\/\/soccercampsinternational.com\/es\/wp-json\/wp\/v2\/pages\/45381\/revisions"}],"up":[{"embeddable":true,"href":"https:\/\/soccercampsinternational.com\/es\/wp-json\/wp\/v2\/pages\/45384"}],"wp:attachment":[{"href":"https:\/\/soccercampsinternational.com\/es\/wp-json\/wp\/v2\/media?parent=45381"}],"curies":[{"name":"wp","href":"https:\/\/api.w.org\/{rel}","templated":true}]}}