{"id":41221,"date":"2024-10-01T17:15:14","date_gmt":"2024-10-02T00:15:14","guid":{"rendered":"https:\/\/soccercampsinternational.com\/stages-football-angleterre\/camps-de-football-manchester-united-ecoles-de-football-mu-a-manchester-angleterre\/"},"modified":"2026-02-23T16:44:18","modified_gmt":"2026-02-23T23:44:18","slug":"camps-de-football-manchester-united-ecoles-de-football-mu-a-manchester-angleterre","status":"publish","type":"page","link":"https:\/\/soccercampsinternational.com\/fr\/stages-football-angleterre\/camps-de-football-manchester-united-ecoles-de-football-mu-a-manchester-angleterre\/","title":{"rendered":"Camps de football Manchester United, \u00e9coles de football MU \u00e0 Manchester, Angleterre"},"content":{"rendered":"\t\t<div data-elementor-type=\"wp-page\" data-elementor-id=\"41221\" class=\"elementor elementor-41221 elementor-35882\" data-elementor-post-type=\"page\">\n\t\t\t\t\t\t<section class=\"elementor-section elementor-top-section elementor-element elementor-element-062be71 elementor-section-stretched elementor-section-boxed elementor-section-height-default elementor-section-height-default\" data-id=\"062be71\" data-element_type=\"section\" data-e-type=\"section\" data-settings=\"{&quot;stretch_section&quot;:&quot;section-stretched&quot;,&quot;background_background&quot;:&quot;classic&quot;}\">\n\t\t\t\t\t\t<div class=\"elementor-container elementor-column-gap-wide\">\n\t\t\t\t\t<div class=\"elementor-column elementor-col-100 elementor-top-column elementor-element elementor-element-85b81ec\" data-id=\"85b81ec\" data-element_type=\"column\" data-e-type=\"column\">\n\t\t\t<div class=\"elementor-widget-wrap elementor-element-populated\">\n\t\t\t\t\t\t<div class=\"elementor-element elementor-element-9ae02af elementor-widget__width-initial elementor-widget elementor-widget-text-editor\" data-id=\"9ae02af\" data-element_type=\"widget\" data-e-type=\"widget\" data-widget_type=\"text-editor.default\">\n\t\t\t\t<div class=\"elementor-widget-container\">\n\t\t\t\t\t\t\t\t\t<h1 style=\"text-align: center;\"><span style=\"color: #d8181c;\"><strong>\u00c9coles de football de Manchester United<\/strong><\/span><\/h1>\t\t\t\t\t\t\t\t<\/div>\n\t\t\t\t<\/div>\n\t\t\t\t<div class=\"elementor-element elementor-element-cdf221e elementor-widget__width-initial elementor-widget elementor-widget-text-editor\" data-id=\"cdf221e\" data-element_type=\"widget\" data-e-type=\"widget\" data-widget_type=\"text-editor.default\">\n\t\t\t\t<div class=\"elementor-widget-container\">\n\t\t\t\t\t\t\t\t\t<h3 style=\"text-align: center;\"><span style=\"color: #d8181c;\"><strong>Apprenez \u00e0 vivre, \u00e0 vous entra\u00eener et \u00e0 jouer avec Centraide !<\/strong><\/span><\/h3>\t\t\t\t\t\t\t\t<\/div>\n\t\t\t\t<\/div>\n\t\t\t\t\t<\/div>\n\t\t<\/div>\n\t\t\t\t\t<\/div>\n\t\t<\/section>\n\t\t\t\t<section class=\"elementor-section elementor-top-section elementor-element elementor-element-904f821 elementor-section-stretched elementor-section-boxed elementor-section-height-default elementor-section-height-default\" data-id=\"904f821\" data-element_type=\"section\" data-e-type=\"section\" data-settings=\"{&quot;stretch_section&quot;:&quot;section-stretched&quot;}\">\n\t\t\t\t\t\t<div class=\"elementor-container elementor-column-gap-wide\">\n\t\t\t\t\t<div class=\"elementor-column elementor-col-100 elementor-top-column elementor-element elementor-element-30cf24c\" data-id=\"30cf24c\" data-element_type=\"column\" data-e-type=\"column\">\n\t\t\t<div class=\"elementor-widget-wrap elementor-element-populated\">\n\t\t\t\t\t\t<div class=\"elementor-element elementor-element-20dd568 elementor-widget elementor-widget-text-editor\" data-id=\"20dd568\" data-element_type=\"widget\" data-e-type=\"widget\" data-widget_type=\"text-editor.default\">\n\t\t\t\t<div class=\"elementor-widget-container\">\n\t\t\t\t\t\t\t\t\t<h1><span style=\"color: #ff0000;\"><strong>Les \u00e9coles de football de Manchester United :  <\/strong><\/span><\/h1><div class=\"gap\"> <\/div><p>En ce qui concerne les programmes de camps des Manchester United Soccer Schools en Angleterre, il a \u00e9t\u00e9 d\u00e9cid\u00e9 de ne pas organiser de camps d&rsquo;entra\u00eenement r\u00e9sidentiels de football des Manchester United Soccer Schools (MUSS) jusqu&rsquo;\u00e0 nouvel ordre en Angleterre.<\/p><p>Nous vous tiendrons au courant si de nouveaux programmes sont mis en place au Royaume-Uni.<\/p><p>En attendant, consultez les autres stages de football officiels que nous proposons sur notre site Internet au Royaume-Uni avec des clubs de l&rsquo;Elite English Premier League (EPL) comme Liverpool, Manchester City, Arsenal, Chelsea ou West Ham : <span style=\"text-decoration: underline;\"><span style=\"color: #ff0000;\"><a style=\"color: #ff0000;\" href=\"https:\/\/soccercampsinternational.com\/fr\/stages-football-angleterre\/\" target=\"_blank\" rel=\"noopener\"><strong>CAMPS DE FOOTBALL D&rsquo;\u00c9LITE AU ROYAUME-UNI<\/strong><\/a><\/span><\/span><\/p>\t\t\t\t\t\t\t\t<\/div>\n\t\t\t\t<\/div>\n\t\t\t\t\t<\/div>\n\t\t<\/div>\n\t\t\t\t\t<\/div>\n\t\t<\/section>\n\t\t\t\t<\/div>\n\t\t","protected":false},"excerpt":{"rendered":"<p>\u00c9coles de football de Manchester United Apprenez \u00e0 vivre, \u00e0 vous entra\u00eener et \u00e0 jouer avec Centraide ! Les \u00e9coles de football de Manchester United : En ce qui concerne les programmes de camps des Manchester United Soccer Schools en Angleterre, il a \u00e9t\u00e9 d\u00e9cid\u00e9 de ne pas organiser de camps d&rsquo;entra\u00eenement r\u00e9sidentiels de football&hellip;<\/p>\n","protected":false},"author":1,"featured_media":0,"parent":40840,"menu_order":0,"comment_status":"closed","ping_status":"closed","template":"","meta":{"_mo_disable_npp":"","footnotes":""},"class_list":["post-41221","page","type-page","status-publish","hentry"],"_links":{"self":[{"href":"https:\/\/soccercampsinternational.com\/fr\/wp-json\/wp\/v2\/pages\/41221","targetHints":{"allow":["GET"]}}],"collection":[{"href":"https:\/\/soccercampsinternational.com\/fr\/wp-json\/wp\/v2\/pages"}],"about":[{"href":"https:\/\/soccercampsinternational.com\/fr\/wp-json\/wp\/v2\/types\/page"}],"author":[{"embeddable":true,"href":"https:\/\/soccercampsinternational.com\/fr\/wp-json\/wp\/v2\/users\/1"}],"replies":[{"embeddable":true,"href":"https:\/\/soccercampsinternational.com\/fr\/wp-json\/wp\/v2\/comments?post=41221"}],"version-history":[{"count":0,"href":"https:\/\/soccercampsinternational.com\/fr\/wp-json\/wp\/v2\/pages\/41221\/revisions"}],"up":[{"embeddable":true,"href":"https:\/\/soccercampsinternational.com\/fr\/wp-json\/wp\/v2\/pages\/40840"}],"wp:attachment":[{"href":"https:\/\/soccercampsinternational.com\/fr\/wp-json\/wp\/v2\/media?parent=41221"}],"curies":[{"name":"wp","href":"https:\/\/api.w.org\/{rel}","templated":true}]}}