{"id":40464,"date":"2020-03-19T16:31:09","date_gmt":"2020-03-19T23:31:09","guid":{"rendered":"https:\/\/soccercampsinternational.com\/2025-blog-soccer-camps-international\/"},"modified":"2026-02-23T16:59:58","modified_gmt":"2026-02-23T23:59:58","slug":"blog","status":"publish","type":"page","link":"https:\/\/soccercampsinternational.com\/pt-br\/blog\/","title":{"rendered":"2026 Blog Soccer Camps International"},"content":{"rendered":"\t\t<div data-elementor-type=\"wp-page\" data-elementor-id=\"40464\" class=\"elementor elementor-40464 elementor-26085\" data-elementor-post-type=\"page\">\n\t\t\t\t\t\t<section class=\"elementor-section elementor-top-section elementor-element elementor-element-06445fb elementor-section-stretched elementor-section-boxed elementor-section-height-default elementor-section-height-default\" data-id=\"06445fb\" data-element_type=\"section\" data-e-type=\"section\" data-settings=\"{&quot;stretch_section&quot;:&quot;section-stretched&quot;,&quot;background_background&quot;:&quot;classic&quot;}\">\n\t\t\t\t\t\t<div class=\"elementor-container elementor-column-gap-default\">\n\t\t\t\t\t<div class=\"elementor-column elementor-col-100 elementor-top-column elementor-element elementor-element-5e9fe94\" data-id=\"5e9fe94\" data-element_type=\"column\" data-e-type=\"column\">\n\t\t\t<div class=\"elementor-widget-wrap elementor-element-populated\">\n\t\t\t\t\t\t<div class=\"elementor-element elementor-element-5af3800 elementor-widget elementor-widget-heading\" data-id=\"5af3800\" data-element_type=\"widget\" data-e-type=\"widget\" data-widget_type=\"heading.default\">\n\t\t\t\t<div class=\"elementor-widget-container\">\n\t\t\t\t\t<h1 class=\"elementor-heading-title elementor-size-default\">Blog dos Acampamentos de Futebol INTERNACIONAIS 2026<\/h1>\t\t\t\t<\/div>\n\t\t\t\t<\/div>\n\t\t\t\t<div class=\"elementor-element elementor-element-1c8d9e3 elementor-widget elementor-widget-heading\" data-id=\"1c8d9e3\" data-element_type=\"widget\" data-e-type=\"widget\" data-widget_type=\"heading.default\">\n\t\t\t\t<div class=\"elementor-widget-container\">\n\t\t\t\t\t<h2 class=\"elementor-heading-title elementor-size-default\">Os melhores e mais populares acampamentos de ver\u00e3o de futebol juvenil dos clubes de elite oficiais da Europa<\/h2>\t\t\t\t<\/div>\n\t\t\t\t<\/div>\n\t\t\t\t\t<\/div>\n\t\t<\/div>\n\t\t\t\t\t<\/div>\n\t\t<\/section>\n\t\t\t\t<section class=\"elementor-section elementor-top-section elementor-element elementor-element-55b6cb4 elementor-section-stretched elementor-section-boxed elementor-section-height-default elementor-section-height-default\" data-id=\"55b6cb4\" data-element_type=\"section\" data-e-type=\"section\" data-settings=\"{&quot;stretch_section&quot;:&quot;section-stretched&quot;,&quot;background_background&quot;:&quot;gradient&quot;}\">\n\t\t\t\t\t\t<div class=\"elementor-container elementor-column-gap-default\">\n\t\t\t\t\t<div class=\"elementor-column elementor-col-100 elementor-top-column elementor-element elementor-element-f4ac4ef\" data-id=\"f4ac4ef\" data-element_type=\"column\" data-e-type=\"column\">\n\t\t\t<div class=\"elementor-widget-wrap elementor-element-populated\">\n\t\t\t\t\t\t<div class=\"elementor-element elementor-element-1304aa7 elementor-grid-3 elementor-grid-tablet-2 elementor-grid-mobile-1 elementor-posts--thumbnail-top elementor-card-shadow-yes elementor-posts__hover-gradient load-more-align-center elementor-widget elementor-widget-posts\" data-id=\"1304aa7\" data-element_type=\"widget\" data-e-type=\"widget\" data-settings=\"{&quot;cards_row_gap&quot;:{&quot;unit&quot;:&quot;px&quot;,&quot;size&quot;:20,&quot;sizes&quot;:[]},&quot;pagination_type&quot;:&quot;load_more_on_click&quot;,&quot;cards_columns&quot;:&quot;3&quot;,&quot;cards_columns_tablet&quot;:&quot;2&quot;,&quot;cards_columns_mobile&quot;:&quot;1&quot;,&quot;cards_row_gap_tablet&quot;:{&quot;unit&quot;:&quot;px&quot;,&quot;size&quot;:&quot;&quot;,&quot;sizes&quot;:[]},&quot;cards_row_gap_mobile&quot;:{&quot;unit&quot;:&quot;px&quot;,&quot;size&quot;:&quot;&quot;,&quot;sizes&quot;:[]},&quot;load_more_spinner&quot;:{&quot;value&quot;:&quot;fas fa-spinner&quot;,&quot;library&quot;:&quot;fa-solid&quot;}}\" data-widget_type=\"posts.cards\">\n\t\t\t\t<div class=\"elementor-widget-container\">\n\t\t\t\t\t\t\t<div class=\"elementor-posts-container elementor-posts elementor-posts--skin-cards elementor-grid\" role=\"list\">\n\t\t\t\t<article class=\"elementor-post elementor-grid-item post-42922 post type-post status-publish format-standard has-post-thumbnail hentry category-2026-melhores-blogs-de-acampamentos-de-futebol tag-2026-best-football-camps tag-2026-best-soccer-camps-europe tag-2026-elite-soccer-camp tag-2026-summer-football-camps tag-2026-top-soccer-camps-europe tag-benfica-elite-training-camps tag-best-2026-top-soccer-camps tag-best-football-camps-in-europe tag-best-soccer-camp-in-europe tag-best-summer-football-programs tag-day-football-camps-europe tag-elite-football-training-in-europe tag-elite-soccer-camps-europe-2026 tag-europe-best-soccer-camps tag-fc-barcelona-football-camps tag-football-academies-for-youth tag-football-camps-england-2026 tag-football-camps-for-aspiring-soccer-players tag-football-camps-for-kids tag-football-camps-france-2026 tag-football-camps-italy-2026 tag-football-camps-portugal-2026 tag-football-camps-spain-2026 tag-football-camps-with-international-travel tag-football-coaching-in-europe tag-football-summer-camps-for-boys-girls tag-football-training-camps-for-teens tag-international-football-camps-for-youth tag-juventus-football-camps tag-paris-saint-germain-football-academy tag-professional-football-training-in-europe tag-residential-football-camps-europe tag-soccer-camps-england-2026 tag-soccer-camps-france-2026 tag-soccer-camps-in-europe tag-soccer-camps-italy-2026 tag-soccer-camps-portugal-2026 tag-soccer-camps-spain-2026 tag-summer-soccer-camps-for-teens tag-top-best-summer-soccer-camps tag-youth-football-camps-in-europe tag-youth-football-training-programs-europe category-304 description-off\" role=\"listitem\">\n\t\t\t<div class=\"elementor-post__card\">\n\t\t\t\t<a class=\"elementor-post__thumbnail__link\" href=\"https:\/\/soccercampsinternational.com\/pt-br\/2025-lista-melhores-acampamentos-de-futebol-europa\/\" tabindex=\"-1\" ><div class=\"elementor-post__thumbnail\"><img fetchpriority=\"high\" decoding=\"async\" width=\"764\" height=\"348\" src=\"https:\/\/soccercampsinternational.com\/wp-content\/uploads\/2024\/08\/Manchester_City_Soccer_Camp_Homepage.jpg\" class=\"attachment-full size-full wp-image-37469\" alt=\"Acampamentos de futebol do Manchester City\" srcset=\"https:\/\/soccercampsinternational.com\/wp-content\/uploads\/2024\/08\/Manchester_City_Soccer_Camp_Homepage.jpg 764w, https:\/\/soccercampsinternational.com\/wp-content\/uploads\/2024\/08\/Manchester_City_Soccer_Camp_Homepage-300x137.jpg 300w\" sizes=\"(max-width: 764px) 100vw, 764px\" \/><\/div><\/a>\n\t\t\t\t<div class=\"elementor-post__text\">\n\t\t\t\t<h3 class=\"elementor-post__title\">\n\t\t\t<a href=\"https:\/\/soccercampsinternational.com\/pt-br\/2025-lista-melhores-acampamentos-de-futebol-europa\/\" >\n\t\t\t\t2026 Top List dos melhores acampamentos de futebol e acampamentos de futebol na Europa para crian\u00e7as\t\t\t<\/a>\n\t\t<\/h3>\n\t\t\t\t<div class=\"elementor-post__excerpt\">\n\t\t\t<p>A Soccer Camps International oferecer\u00e1 novamente os 2025 Melhores Acampamentos de Futebol e Acampamentos de Futebol da Europa para crian\u00e7as durante a pr\u00f3xima temporada de acampamentos de ver\u00e3o na Inglaterra, Espanha, It\u00e1lia, Fran\u00e7a e Portugal. Acampamentos residenciais, acampamentos diurnos, sess\u00f5es para meninas, sess\u00f5es para goleiros e op\u00e7\u00f5es de idiomas estar\u00e3o dispon\u00edveis para muitos dos acampamentos de futebol. <\/p>\n\t\t<\/div>\n\t\t\n\t\t<a class=\"elementor-post__read-more\" href=\"https:\/\/soccercampsinternational.com\/pt-br\/2025-lista-melhores-acampamentos-de-futebol-europa\/\" aria-label=\"Read more about 2026 Top List dos melhores acampamentos de futebol e acampamentos de futebol na Europa para crian\u00e7as\" tabindex=\"-1\" >\n\t\t\tContinue lendo \"\t\t<\/a>\n\n\t\t\t\t<\/div>\n\t\t\t\t\t<\/div>\n\t\t<\/article>\n\t\t\t\t<article class=\"elementor-post elementor-grid-item post-45568 post type-post status-publish format-standard has-post-thumbnail hentry category-2026-melhores-blogs-de-acampamentos-de-futebol tag-girls-residential-soccer-camps tag-girls-soccer-camps tag-girls-soccer-camps-in-europe tag-girls-soccer-day-camps tag-girls-soccer-schools tag-soccer-camps-for-girls-in-england tag-soccer-camps-for-girls-in-france tag-soccer-camps-for-girls-in-italy tag-soccer-camps-for-girls-in-portugal tag-soccer-camps-for-girls-in-spain category-304 description-off\" role=\"listitem\">\n\t\t\t<div class=\"elementor-post__card\">\n\t\t\t\t<a class=\"elementor-post__thumbnail__link\" href=\"https:\/\/soccercampsinternational.com\/pt-br\/2026-top-8-acampamentos-de-futebol-feminino-na-inglaterra-espanha-franca-e-portugal\/\" tabindex=\"-1\" ><div class=\"elementor-post__thumbnail\"><img decoding=\"async\" width=\"1500\" height=\"1000\" src=\"https:\/\/soccercampsinternational.com\/wp-content\/uploads\/2022\/10\/SCI-Blog-Post-3.jpg\" class=\"attachment-full size-full wp-image-40199\" alt=\"\" srcset=\"https:\/\/soccercampsinternational.com\/wp-content\/uploads\/2022\/10\/SCI-Blog-Post-3.jpg 1500w, https:\/\/soccercampsinternational.com\/wp-content\/uploads\/2022\/10\/SCI-Blog-Post-3-300x200.jpg 300w, https:\/\/soccercampsinternational.com\/wp-content\/uploads\/2022\/10\/SCI-Blog-Post-3-1024x683.jpg 1024w, https:\/\/soccercampsinternational.com\/wp-content\/uploads\/2022\/10\/SCI-Blog-Post-3-768x512.jpg 768w\" sizes=\"(max-width: 1500px) 100vw, 1500px\" \/><\/div><\/a>\n\t\t\t\t<div class=\"elementor-post__text\">\n\t\t\t\t<h3 class=\"elementor-post__title\">\n\t\t\t<a href=\"https:\/\/soccercampsinternational.com\/pt-br\/2026-top-8-acampamentos-de-futebol-feminino-na-inglaterra-espanha-franca-e-portugal\/\" >\n\t\t\t\t2026 TOP 8 Acampamentos de Futebol Feminino na Inglaterra, Espanha, Fran\u00e7a e Portugal\t\t\t<\/a>\n\t\t<\/h3>\n\t\t\t\t<div class=\"elementor-post__excerpt\">\n\t\t\t<p>2025 TOP 6 de Acampamentos de Futebol para Meninas e Escolas de Futebol na Europa: Os Acampamentos de Ver\u00e3o de Futebol para Meninas na Europa oferecem Acampamentos Residenciais, Sess\u00f5es para Goleiras e Op\u00e7\u00f5es de Idiomas para muitas das sess\u00f5es de acampamento de futebol para meninas.<\/p>\n\t\t<\/div>\n\t\t\n\t\t<a class=\"elementor-post__read-more\" href=\"https:\/\/soccercampsinternational.com\/pt-br\/2026-top-8-acampamentos-de-futebol-feminino-na-inglaterra-espanha-franca-e-portugal\/\" aria-label=\"Read more about 2026 TOP 8 Acampamentos de Futebol Feminino na Inglaterra, Espanha, Fran\u00e7a e Portugal\" tabindex=\"-1\" >\n\t\t\tContinue lendo \"\t\t<\/a>\n\n\t\t\t\t<\/div>\n\t\t\t\t\t<\/div>\n\t\t<\/article>\n\t\t\t\t<article class=\"elementor-post elementor-grid-item post-45547 post type-post status-publish format-standard has-post-thumbnail hentry category-2026-melhores-blogs-de-acampamentos-de-futebol tag-england-football-camps tag-england-soccer-camps tag-england-soccer-practice tag-england-summer-camps tag-liverpool-football-camps tag-liverpool-soccer tag-london-football-camps tag-london-soccer tag-manchester-football-camps tag-manchester-soccer tag-uk-elite-training category-304 description-off\" role=\"listitem\">\n\t\t\t<div class=\"elementor-post__card\">\n\t\t\t\t<a class=\"elementor-post__thumbnail__link\" href=\"https:\/\/soccercampsinternational.com\/pt-br\/2026-melhores-acampamentos-de-futebol-do-mundo-na-inglaterra\/\" tabindex=\"-1\" ><div class=\"elementor-post__thumbnail\"><img decoding=\"async\" width=\"1200\" height=\"720\" src=\"https:\/\/soccercampsinternational.com\/wp-content\/uploads\/2024\/08\/Flag-of-England.png\" class=\"attachment-full size-full wp-image-38147\" alt=\"Inglaterra\" srcset=\"https:\/\/soccercampsinternational.com\/wp-content\/uploads\/2024\/08\/Flag-of-England.png 1200w, https:\/\/soccercampsinternational.com\/wp-content\/uploads\/2024\/08\/Flag-of-England-300x180.png 300w, https:\/\/soccercampsinternational.com\/wp-content\/uploads\/2024\/08\/Flag-of-England-1024x614.png 1024w, https:\/\/soccercampsinternational.com\/wp-content\/uploads\/2024\/08\/Flag-of-England-768x461.png 768w\" sizes=\"(max-width: 1200px) 100vw, 1200px\" \/><\/div><\/a>\n\t\t\t\t<div class=\"elementor-post__text\">\n\t\t\t\t<h3 class=\"elementor-post__title\">\n\t\t\t<a href=\"https:\/\/soccercampsinternational.com\/pt-br\/2026-melhores-acampamentos-de-futebol-do-mundo-na-inglaterra\/\" >\n\t\t\t\t2026 Melhores acampamentos de futebol do mundo na Inglaterra\t\t\t<\/a>\n\t\t<\/h3>\n\t\t\t\t<div class=\"elementor-post__excerpt\">\n\t\t\t<p>A Soccer Camps International oferecer\u00e1 acampamentos de futebol para jovens na Inglaterra, nas cidades inglesas de Liverpool, Manchester e Londres. Os acampamentos s\u00e3o realizados por alguns dos maiores times de futebol da Inglaterra, incluindo Liverpool, Manchester City, Chelsea e Arsenal. <\/p>\n\t\t<\/div>\n\t\t\n\t\t<a class=\"elementor-post__read-more\" href=\"https:\/\/soccercampsinternational.com\/pt-br\/2026-melhores-acampamentos-de-futebol-do-mundo-na-inglaterra\/\" aria-label=\"Read more about 2026 Melhores acampamentos de futebol do mundo na Inglaterra\" tabindex=\"-1\" >\n\t\t\tContinue lendo \"\t\t<\/a>\n\n\t\t\t\t<\/div>\n\t\t\t\t\t<\/div>\n\t\t<\/article>\n\t\t\t\t<article class=\"elementor-post elementor-grid-item post-45550 post type-post status-publish format-standard has-post-thumbnail hentry category-2026-melhores-blogs-de-acampamentos-de-futebol tag-2026-best-international-summer-camps tag-2026-best-international-summer-camps-europe tag-2026-international-summer-camps tag-2026-international-summer-camps-england tag-2026-international-summer-camps-europe tag-2026-international-summer-camps-france tag-2026-international-summer-camps-spain tag-2026-top-list-international-summer-camps tag-best-2026-international-summer-camps-europe tag-top-2026-international-summer-camps category-304 description-off\" role=\"listitem\">\n\t\t\t<div class=\"elementor-post__card\">\n\t\t\t\t<a class=\"elementor-post__thumbnail__link\" href=\"https:\/\/soccercampsinternational.com\/pt-br\/2026-acampamentos-internacionais-de-verao-na-europa\/\" tabindex=\"-1\" ><div class=\"elementor-post__thumbnail\"><img loading=\"lazy\" decoding=\"async\" width=\"991\" height=\"743\" src=\"https:\/\/soccercampsinternational.com\/wp-content\/uploads\/2024\/09\/IMG_0979.jpg\" class=\"attachment-full size-full wp-image-39923\" alt=\"Acampamentos de futebol do Benfica Elite Training\" srcset=\"https:\/\/soccercampsinternational.com\/wp-content\/uploads\/2024\/09\/IMG_0979.jpg 991w, https:\/\/soccercampsinternational.com\/wp-content\/uploads\/2024\/09\/IMG_0979-300x225.jpg 300w, https:\/\/soccercampsinternational.com\/wp-content\/uploads\/2024\/09\/IMG_0979-768x576.jpg 768w\" sizes=\"(max-width: 991px) 100vw, 991px\" \/><\/div><\/a>\n\t\t\t\t<div class=\"elementor-post__text\">\n\t\t\t\t<h3 class=\"elementor-post__title\">\n\t\t\t<a href=\"https:\/\/soccercampsinternational.com\/pt-br\/2026-acampamentos-internacionais-de-verao-na-europa\/\" >\n\t\t\t\t2026 Acampamentos internacionais de ver\u00e3o na Europa\t\t\t<\/a>\n\t\t<\/h3>\n\t\t\t\t<div class=\"elementor-post__excerpt\">\n\t\t\t<p>Os acampamentos internacionais de ver\u00e3o na Europa est\u00e3o esperando por voc\u00ea. Chegou a hora de jogadores de todo o mundo desfrutarem novamente do Acampamento Internacional de Ver\u00e3o de Futebol. Qual \u00e9 a melhor lista dos melhores acampamentos internacionais de ver\u00e3o de 2025 na Europa?  <\/p>\n\t\t<\/div>\n\t\t\n\t\t<a class=\"elementor-post__read-more\" href=\"https:\/\/soccercampsinternational.com\/pt-br\/2026-acampamentos-internacionais-de-verao-na-europa\/\" aria-label=\"Read more about 2026 Acampamentos internacionais de ver\u00e3o na Europa\" tabindex=\"-1\" >\n\t\t\tContinue lendo \"\t\t<\/a>\n\n\t\t\t\t<\/div>\n\t\t\t\t\t<\/div>\n\t\t<\/article>\n\t\t\t\t<article class=\"elementor-post elementor-grid-item post-45542 post type-post status-publish format-standard has-post-thumbnail hentry category-2026-melhores-blogs-de-acampamentos-de-futebol tag-barcelona tag-barcelona-soccer-camps tag-real-madrid tag-real-madrid-soccer-camps tag-spain-football-camps tag-spain-soccer-camps tag-spain-soccer-federation-football-camps tag-spain-summer-camps category-304 description-off\" role=\"listitem\">\n\t\t\t<div class=\"elementor-post__card\">\n\t\t\t\t<a class=\"elementor-post__thumbnail__link\" href=\"https:\/\/soccercampsinternational.com\/pt-br\/2026-principais-acampamentos-internacionais-de-futebol-na-espanha\/\" tabindex=\"-1\" ><div class=\"elementor-post__thumbnail\"><img loading=\"lazy\" decoding=\"async\" width=\"750\" height=\"500\" src=\"https:\/\/soccercampsinternational.com\/wp-content\/uploads\/2024\/09\/Spain.jpg\" class=\"attachment-full size-full wp-image-40163\" alt=\"Acampamentos de futebol na Espanha\" srcset=\"https:\/\/soccercampsinternational.com\/wp-content\/uploads\/2024\/09\/Spain.jpg 750w, https:\/\/soccercampsinternational.com\/wp-content\/uploads\/2024\/09\/Spain-300x200.jpg 300w\" sizes=\"(max-width: 750px) 100vw, 750px\" \/><\/div><\/a>\n\t\t\t\t<div class=\"elementor-post__text\">\n\t\t\t\t<h3 class=\"elementor-post__title\">\n\t\t\t<a href=\"https:\/\/soccercampsinternational.com\/pt-br\/2026-principais-acampamentos-internacionais-de-futebol-na-espanha\/\" >\n\t\t\t\t2026 Principais acampamentos internacionais de futebol na Espanha\t\t\t<\/a>\n\t\t<\/h3>\n\t\t\t\t<div class=\"elementor-post__excerpt\">\n\t\t\t<p>Com 25 anos de experi\u00eancia, a Soccer Camps International oferece os melhores acampamentos internacionais de futebol juvenil na Espanha, nas cidades espanholas de Madri e Barcelona. Os acampamentos s\u00e3o realizados por alguns dos maiores times de futebol da Espanha, incluindo o Real Madrid e o Barcelona. <\/p>\n\t\t<\/div>\n\t\t\n\t\t<a class=\"elementor-post__read-more\" href=\"https:\/\/soccercampsinternational.com\/pt-br\/2026-principais-acampamentos-internacionais-de-futebol-na-espanha\/\" aria-label=\"Read more about 2026 Principais acampamentos internacionais de futebol na Espanha\" tabindex=\"-1\" >\n\t\t\tContinue lendo \"\t\t<\/a>\n\n\t\t\t\t<\/div>\n\t\t\t\t\t<\/div>\n\t\t<\/article>\n\t\t\t\t<article class=\"elementor-post elementor-grid-item post-45557 post type-post status-publish format-standard has-post-thumbnail hentry category-2026-melhores-blogs-de-acampamentos-de-futebol tag-england-soccer-camps tag-english-football-camps tag-france-soccer-schools tag-french-football-schools tag-italian-football-camps tag-italy-soccer-camps tag-portugal-soccer-camps tag-portuguese-football-camps tag-spain-soccer-schools tag-spanish-football-schools category-304 description-off\" role=\"listitem\">\n\t\t\t<div class=\"elementor-post__card\">\n\t\t\t\t<a class=\"elementor-post__thumbnail__link\" href=\"https:\/\/soccercampsinternational.com\/pt-br\/acampamentos-de-verao-para-jovens-da-europa-2026\/\" tabindex=\"-1\" ><div class=\"elementor-post__thumbnail\"><img loading=\"lazy\" decoding=\"async\" width=\"1500\" height=\"1000\" src=\"https:\/\/soccercampsinternational.com\/wp-content\/uploads\/2022\/10\/SCI-Blog-Post-6.jpg\" class=\"attachment-full size-full wp-image-40217\" alt=\"\" srcset=\"https:\/\/soccercampsinternational.com\/wp-content\/uploads\/2022\/10\/SCI-Blog-Post-6.jpg 1500w, https:\/\/soccercampsinternational.com\/wp-content\/uploads\/2022\/10\/SCI-Blog-Post-6-300x200.jpg 300w, https:\/\/soccercampsinternational.com\/wp-content\/uploads\/2022\/10\/SCI-Blog-Post-6-1024x683.jpg 1024w, https:\/\/soccercampsinternational.com\/wp-content\/uploads\/2022\/10\/SCI-Blog-Post-6-768x512.jpg 768w\" sizes=\"(max-width: 1500px) 100vw, 1500px\" \/><\/div><\/a>\n\t\t\t\t<div class=\"elementor-post__text\">\n\t\t\t\t<h3 class=\"elementor-post__title\">\n\t\t\t<a href=\"https:\/\/soccercampsinternational.com\/pt-br\/acampamentos-de-verao-para-jovens-da-europa-2026\/\" >\n\t\t\t\tAcampamentos de ver\u00e3o para jovens da Europa 2026\t\t\t<\/a>\n\t\t<\/h3>\n\t\t\t\t<div class=\"elementor-post__excerpt\">\n\t\t\t<p>A Soccer Camps International oferecer\u00e1 Acampamentos de Futebol Juvenil da Europa para a temporada de acampamentos de ver\u00e3o de 2025 na Inglaterra, Espanha, It\u00e1lia, Fran\u00e7a e Portugal. Acampamentos residenciais, acampamentos diurnos, sess\u00f5es para meninas, sess\u00f5es para goleiros e op\u00e7\u00f5es de idiomas estar\u00e3o dispon\u00edveis para muitos dos acampamentos de futebol. <\/p>\n\t\t<\/div>\n\t\t\n\t\t<a class=\"elementor-post__read-more\" href=\"https:\/\/soccercampsinternational.com\/pt-br\/acampamentos-de-verao-para-jovens-da-europa-2026\/\" aria-label=\"Read more about Acampamentos de ver\u00e3o para jovens da Europa 2026\" tabindex=\"-1\" >\n\t\t\tContinue lendo \"\t\t<\/a>\n\n\t\t\t\t<\/div>\n\t\t\t\t\t<\/div>\n\t\t<\/article>\n\t\t\t\t<\/div>\n\t\t\t\t\t<span class=\"e-load-more-spinner\">\n\t\t\t\t<svg aria-hidden=\"true\" class=\"e-font-icon-svg e-fas-spinner\" viewBox=\"0 0 512 512\" xmlns=\"http:\/\/www.w3.org\/2000\/svg\"><path d=\"M304 48c0 26.51-21.49 48-48 48s-48-21.49-48-48 21.49-48 48-48 48 21.49 48 48zm-48 368c-26.51 0-48 21.49-48 48s21.49 48 48 48 48-21.49 48-48-21.49-48-48-48zm208-208c-26.51 0-48 21.49-48 48s21.49 48 48 48 48-21.49 48-48-21.49-48-48-48zM96 256c0-26.51-21.49-48-48-48S0 229.49 0 256s21.49 48 48 48 48-21.49 48-48zm12.922 99.078c-26.51 0-48 21.49-48 48s21.49 48 48 48 48-21.49 48-48c0-26.509-21.491-48-48-48zm294.156 0c-26.51 0-48 21.49-48 48s21.49 48 48 48 48-21.49 48-48c0-26.509-21.49-48-48-48zM108.922 60.922c-26.51 0-48 21.49-48 48s21.49 48 48 48 48-21.49 48-48-21.491-48-48-48z\"><\/path><\/svg>\t\t\t<\/span>\n\t\t\n\t\t\t\t\t\t<\/div>\n\t\t\t\t<\/div>\n\t\t\t\t\t<\/div>\n\t\t<\/div>\n\t\t\t\t\t<\/div>\n\t\t<\/section>\n\t\t\t\t<\/div>\n\t\t","protected":false},"excerpt":{"rendered":"<p>Blog dos Acampamentos de Futebol INTERNACIONAIS 2026 Os melhores e mais populares acampamentos de ver\u00e3o de futebol juvenil dos clubes de elite oficiais da Europa<\/p>\n","protected":false},"author":1,"featured_media":42778,"parent":0,"menu_order":0,"comment_status":"closed","ping_status":"closed","template":"","meta":{"_mo_disable_npp":"","footnotes":""},"class_list":["post-40464","page","type-page","status-publish","has-post-thumbnail","hentry","category-304","description-off"],"_links":{"self":[{"href":"https:\/\/soccercampsinternational.com\/pt-br\/wp-json\/wp\/v2\/pages\/40464","targetHints":{"allow":["GET"]}}],"collection":[{"href":"https:\/\/soccercampsinternational.com\/pt-br\/wp-json\/wp\/v2\/pages"}],"about":[{"href":"https:\/\/soccercampsinternational.com\/pt-br\/wp-json\/wp\/v2\/types\/page"}],"author":[{"embeddable":true,"href":"https:\/\/soccercampsinternational.com\/pt-br\/wp-json\/wp\/v2\/users\/1"}],"replies":[{"embeddable":true,"href":"https:\/\/soccercampsinternational.com\/pt-br\/wp-json\/wp\/v2\/comments?post=40464"}],"version-history":[{"count":0,"href":"https:\/\/soccercampsinternational.com\/pt-br\/wp-json\/wp\/v2\/pages\/40464\/revisions"}],"wp:featuredmedia":[{"embeddable":true,"href":"https:\/\/soccercampsinternational.com\/pt-br\/wp-json\/wp\/v2\/media\/42778"}],"wp:attachment":[{"href":"https:\/\/soccercampsinternational.com\/pt-br\/wp-json\/wp\/v2\/media?parent=40464"}],"curies":[{"name":"wp","href":"https:\/\/api.w.org\/{rel}","templated":true}]}}