{"id":41222,"date":"2024-10-01T17:15:14","date_gmt":"2024-10-02T00:15:14","guid":{"rendered":"https:\/\/soccercampsinternational.com\/acampamentos-futebol-inglaterra\/acampamentos-de-futebol-do-manchester-united-escolas-de-futebol-do-mu-em-manchester-inglaterra\/"},"modified":"2026-02-23T16:44:18","modified_gmt":"2026-02-23T23:44:18","slug":"acampamentos-de-futebol-manchester-united","status":"publish","type":"page","link":"https:\/\/soccercampsinternational.com\/pt-br\/acampamentos-futebol-inglaterra\/acampamentos-de-futebol-manchester-united\/","title":{"rendered":"Acampamentos de futebol do Manchester United, escolas de futebol do MU em Manchester, Inglaterra"},"content":{"rendered":"\t\t<div data-elementor-type=\"wp-page\" data-elementor-id=\"41222\" class=\"elementor elementor-41222 elementor-35882\" data-elementor-post-type=\"page\">\n\t\t\t\t\t\t<section class=\"elementor-section elementor-top-section elementor-element elementor-element-062be71 elementor-section-stretched elementor-section-boxed elementor-section-height-default elementor-section-height-default\" data-id=\"062be71\" data-element_type=\"section\" data-e-type=\"section\" data-settings=\"{&quot;stretch_section&quot;:&quot;section-stretched&quot;,&quot;background_background&quot;:&quot;classic&quot;}\">\n\t\t\t\t\t\t<div class=\"elementor-container elementor-column-gap-wide\">\n\t\t\t\t\t<div class=\"elementor-column elementor-col-100 elementor-top-column elementor-element elementor-element-85b81ec\" data-id=\"85b81ec\" data-element_type=\"column\" data-e-type=\"column\">\n\t\t\t<div class=\"elementor-widget-wrap elementor-element-populated\">\n\t\t\t\t\t\t<div class=\"elementor-element elementor-element-9ae02af elementor-widget__width-initial elementor-widget elementor-widget-text-editor\" data-id=\"9ae02af\" data-element_type=\"widget\" data-e-type=\"widget\" data-widget_type=\"text-editor.default\">\n\t\t\t\t<div class=\"elementor-widget-container\">\n\t\t\t\t\t\t\t\t\t<h1 style=\"text-align: center;\"><span style=\"color: #d8181c;\"><strong>Escolas de futebol do Manchester United<\/strong><\/span><\/h1>\t\t\t\t\t\t\t\t<\/div>\n\t\t\t\t<\/div>\n\t\t\t\t<div class=\"elementor-element elementor-element-cdf221e elementor-widget__width-initial elementor-widget elementor-widget-text-editor\" data-id=\"cdf221e\" data-element_type=\"widget\" data-e-type=\"widget\" data-widget_type=\"text-editor.default\">\n\t\t\t\t<div class=\"elementor-widget-container\">\n\t\t\t\t\t\t\t\t\t<h3 style=\"text-align: center;\"><span style=\"color: #d8181c;\"><strong>Aprenda a viver, treinar e jogar com a United Way!<\/strong><\/span><\/h3>\t\t\t\t\t\t\t\t<\/div>\n\t\t\t\t<\/div>\n\t\t\t\t\t<\/div>\n\t\t<\/div>\n\t\t\t\t\t<\/div>\n\t\t<\/section>\n\t\t\t\t<section class=\"elementor-section elementor-top-section elementor-element elementor-element-904f821 elementor-section-stretched elementor-section-boxed elementor-section-height-default elementor-section-height-default\" data-id=\"904f821\" data-element_type=\"section\" data-e-type=\"section\" data-settings=\"{&quot;stretch_section&quot;:&quot;section-stretched&quot;}\">\n\t\t\t\t\t\t<div class=\"elementor-container elementor-column-gap-wide\">\n\t\t\t\t\t<div class=\"elementor-column elementor-col-100 elementor-top-column elementor-element elementor-element-30cf24c\" data-id=\"30cf24c\" data-element_type=\"column\" data-e-type=\"column\">\n\t\t\t<div class=\"elementor-widget-wrap elementor-element-populated\">\n\t\t\t\t\t\t<div class=\"elementor-element elementor-element-20dd568 elementor-widget elementor-widget-text-editor\" data-id=\"20dd568\" data-element_type=\"widget\" data-e-type=\"widget\" data-widget_type=\"text-editor.default\">\n\t\t\t\t<div class=\"elementor-widget-container\">\n\t\t\t\t\t\t\t\t\t<h1><span style=\"color: #ff0000;\"><strong>Escolas de futebol do Manchester United:  <\/strong><\/span><\/h1><div class=\"gap\"> <\/div><p>Em refer\u00eancia aos programas de Acampamentos das Escolas de Futebol do Manchester United na Inglaterra, foi decidido n\u00e3o realizar os Acampamentos de Futebol de Treinamento Residencial das Escolas de Futebol do Manchester United (MUSS) at\u00e9 novo aviso na Inglaterra.<\/p><p>Manteremos voc\u00ea atualizado caso surjam novos programas no futuro no Reino Unido.<\/p><p>Enquanto isso, confira os outros Acampamentos de Futebol Oficiais que oferecemos em nosso site no Reino Unido com clubes de elite da Premier League inglesa (EPL), como Liverpool, Manchester City, Arsenal, Chelsea ou West Ham: <span style=\"text-decoration: underline;\"><span style=\"color: #ff0000;\"><a style=\"color: #ff0000;\" href=\"https:\/\/soccercampsinternational.com\/pt-br\/acampamentos-futebol-inglaterra\/\" target=\"_blank\" rel=\"noopener\"><strong>ACAMPAMENTOS DE FUTEBOL DE ELITE NO REINO UNIDO<\/strong><\/a><\/span><\/span><\/p>\t\t\t\t\t\t\t\t<\/div>\n\t\t\t\t<\/div>\n\t\t\t\t\t<\/div>\n\t\t<\/div>\n\t\t\t\t\t<\/div>\n\t\t<\/section>\n\t\t\t\t<\/div>\n\t\t","protected":false},"excerpt":{"rendered":"<p>Escolas de futebol do Manchester United Aprenda a viver, treinar e jogar com a United Way! Escolas de futebol do Manchester United: Em refer\u00eancia aos programas de Acampamentos das Escolas de Futebol do Manchester United na Inglaterra, foi decidido n\u00e3o realizar os Acampamentos de Futebol de Treinamento Residencial das Escolas de Futebol do Manchester United&hellip;<\/p>\n","protected":false},"author":1,"featured_media":0,"parent":40841,"menu_order":0,"comment_status":"closed","ping_status":"closed","template":"","meta":{"_mo_disable_npp":"","footnotes":""},"class_list":["post-41222","page","type-page","status-publish","hentry"],"_links":{"self":[{"href":"https:\/\/soccercampsinternational.com\/pt-br\/wp-json\/wp\/v2\/pages\/41222","targetHints":{"allow":["GET"]}}],"collection":[{"href":"https:\/\/soccercampsinternational.com\/pt-br\/wp-json\/wp\/v2\/pages"}],"about":[{"href":"https:\/\/soccercampsinternational.com\/pt-br\/wp-json\/wp\/v2\/types\/page"}],"author":[{"embeddable":true,"href":"https:\/\/soccercampsinternational.com\/pt-br\/wp-json\/wp\/v2\/users\/1"}],"replies":[{"embeddable":true,"href":"https:\/\/soccercampsinternational.com\/pt-br\/wp-json\/wp\/v2\/comments?post=41222"}],"version-history":[{"count":0,"href":"https:\/\/soccercampsinternational.com\/pt-br\/wp-json\/wp\/v2\/pages\/41222\/revisions"}],"up":[{"embeddable":true,"href":"https:\/\/soccercampsinternational.com\/pt-br\/wp-json\/wp\/v2\/pages\/40841"}],"wp:attachment":[{"href":"https:\/\/soccercampsinternational.com\/pt-br\/wp-json\/wp\/v2\/media?parent=41222"}],"curies":[{"name":"wp","href":"https:\/\/api.w.org\/{rel}","templated":true}]}}